{"id":1775,"date":"2022-08-24T22:10:55","date_gmt":"2022-08-24T22:10:55","guid":{"rendered":"https:\/\/nao-rizons.fr\/attrezzature-e-sicurezza"},"modified":"2024-11-04T14:27:25","modified_gmt":"2024-11-04T14:27:25","slug":"attrezzature-e-sicurezza","status":"publish","type":"page","link":"https:\/\/nao-rizons.fr\/it\/attrezzature-e-sicurezza","title":{"rendered":"Attrezzature e sicurezza"},"content":{"rendered":"<p>[et_pb_section fb_built=&#8221;1&#8243; admin_label=&#8221;Header&#8221; _builder_version=&#8221;4.18.0&#8243; use_background_color_gradient=&#8221;on&#8221; background_color_gradient_type=&#8221;circular&#8221; background_color_gradient_direction_radial=&#8221;bottom right&#8221; background_color_gradient_stops=&#8221;#4f7cac 0%|#56e39f 100%&#8221; background_color_gradient_start=&#8221;#00ffd8&#8243; background_color_gradient_end=&#8221;#0029e2&#8243; background_image=&#8221;https:\/\/nao-rizons.fr\/wp-content\/uploads\/2022\/08\/cyber-security-18.png&#8221; parallax=&#8221;on&#8221; custom_padding=&#8221;10vw||&#8221; locked=&#8221;off&#8221; global_colors_info=&#8221;{}&#8221;][et_pb_row column_structure=&#8221;1_2,1_2&#8243; _builder_version=&#8221;4.16&#8243; z_index=&#8221;1&#8243; global_colors_info=&#8221;{}&#8221;][et_pb_column type=&#8221;1_2&#8243; _builder_version=&#8221;4.16&#8243; global_colors_info=&#8221;{}&#8221;][et_pb_text _builder_version=&#8221;4.18.0&#8243; text_font=&#8221;||||||||&#8221; header_font=&#8221;Overpass|900|||||||&#8221; header_font_size=&#8221;84px&#8221; background_layout=&#8221;dark&#8221; header_font_size_tablet=&#8221;54px&#8221; header_font_size_phone=&#8221;32px&#8221; header_font_size_last_edited=&#8221;on|desktop&#8221; locked=&#8221;off&#8221; global_colors_info=&#8221;{}&#8221;]<\/p>\n<h1><span>Attrezzature e sicurezza<\/span><\/h1>\n<p>[\/et_pb_text][et_pb_button button_text=&#8221;ESPLORA&#8221; _builder_version=&#8221;4.18.0&#8243; custom_button=&#8221;on&#8221; button_text_size=&#8221;14px&#8221; button_text_color=&#8221;#ffffff&#8221; button_bg_color=&#8221;#4f7cac&#8221; button_border_width=&#8221;0px&#8221; button_border_radius=&#8221;100px&#8221; button_font=&#8221;Overpass|900||on|||||&#8221; button_use_icon=&#8221;off&#8221; custom_padding=&#8221;20px|30px|20px|30px|true|true&#8221; box_shadow_style=&#8221;preset3&#8243; box_shadow_vertical=&#8221;20px&#8221; box_shadow_blur=&#8221;40px&#8221; box_shadow_spread=&#8221;-10px&#8221; box_shadow_color=&#8221;rgba(23,102,193,0.46)&#8221; locked=&#8221;off&#8221; global_colors_info=&#8221;{}&#8221; box_shadow_color__hover=&#8221;#2585b2&#8243; box_shadow_blur__hover_enabled=&#8221;on&#8221; box_shadow_blur__hover=&#8221;20px&#8221; box_shadow_vertical__hover_enabled=&#8221;on&#8221; box_shadow_vertical__hover=&#8221;10px&#8221;][\/et_pb_button][\/et_pb_column][et_pb_column type=&#8221;1_2&#8243; _builder_version=&#8221;4.16&#8243; global_colors_info=&#8221;{}&#8221;][et_pb_image src=&#8221;https:\/\/nao-rizons.fr\/wp-content\/uploads\/2024\/06\/securite.png&#8221; title_text=&#8221;sicurezza&#8221; _builder_version=&#8221;4.25.1&#8243; _module_preset=&#8221;default&#8221; global_colors_info=&#8221;{}&#8221;][\/et_pb_image][\/et_pb_column][\/et_pb_row][et_pb_row _builder_version=&#8221;4.18.0&#8243; z_index=&#8221;0&#8243; width=&#8221;100%&#8221; max_width=&#8221;none&#8221; global_colors_info=&#8221;{}&#8221;][et_pb_column type=&#8221;4_4&#8243; _builder_version=&#8221;4.16&#8243; global_colors_info=&#8221;{}&#8221;][\/et_pb_column][\/et_pb_row][\/et_pb_section][et_pb_section fb_built=&#8221;1&#8243; admin_label=&#8221;Contact Form&#8221; _builder_version=&#8221;4.16&#8243; background_color=&#8221;#f1fafe&#8221; z_index=&#8221;10&#8243; bottom_divider_height=&#8221;26vw&#8221; bottom_divider_flip=&#8221;horizontal&#8221; locked=&#8221;off&#8221; global_colors_info=&#8221;{}&#8221;][et_pb_row column_structure=&#8221;1_3,1_3,1_3&#8243; custom_padding_last_edited=&#8221;on|phone&#8221; _builder_version=&#8221;4.18.0&#8243; background_color=&#8221;#ffffff&#8221; z_index=&#8221;1&#8243; custom_margin=&#8221;-24vw|auto|0px|auto|false|false&#8221; custom_padding=&#8221;60px|60px|60px|60px|true|true&#8221; custom_padding_tablet=&#8221;|40px||40px||true&#8221; custom_padding_phone=&#8221;|20px||20px||true&#8221; border_radii=&#8221;on|10px|10px|10px|10px&#8221; box_shadow_style=&#8221;preset1&#8243; box_shadow_vertical=&#8221;10px&#8221; box_shadow_blur=&#8221;60px&#8221; box_shadow_color=&#8221;rgba(10,45,97,0.1)&#8221; locked=&#8221;off&#8221; global_colors_info=&#8221;{}&#8221;][et_pb_column type=&#8221;1_3&#8243; _builder_version=&#8221;4.16&#8243; global_colors_info=&#8221;{}&#8221;][et_pb_blurb title=&#8221;Fibra ottica&#8221; image=&#8221;https:\/\/nao-rizons.fr\/wp-content\/uploads\/2022\/08\/technology.png&#8221; alt=&#8221;illustrazione di una connessione internet&#8221; image_icon_width=&#8221;35%&#8221; _builder_version=&#8221;4.18.0&#8243; header_font=&#8221;Overpass|900|||||||&#8221; header_line_height=&#8221;1.4em&#8221; body_font=&#8221;Overpass|300|||||||&#8221; body_line_height=&#8221;1.8em&#8221; text_orientation=&#8221;center&#8221; locked=&#8221;off&#8221; global_colors_info=&#8221;{}&#8221;]<\/p>\n<p>La tua connessione internet \u00e8 all&#8217;avanguardia della tecnologia. Con la nostra fibra ottica non sarai mai a corto di velocit\u00e0.  <\/p>\n<p>[\/et_pb_blurb][et_pb_blurb title=&#8221;Riscaldamento e aria condizionata&#8221; image=&#8221;https:\/\/nao-rizons.fr\/wp-content\/uploads\/2022\/08\/heating.png&#8221; alt=&#8221;Illustrazione del riscaldamento e dell&apos;aria condizionata&#8221; image_icon_width=&#8221;35%&#8221; _builder_version=&#8221;4.18.0&#8243; header_font=&#8221;Overpass|900|||||||&#8221; header_line_height=&#8221;1.4em&#8221; body_font=&#8221;Overpass|300|||||||&#8221; body_line_height=&#8221;1.8em&#8221; text_orientation=&#8221;center&#8221; locked=&#8221;off&#8221; global_colors_info=&#8221;{}&#8221;]<\/p>\n<p>Sia in estate che in inverno, la tua casa \u00e8 attrezzata per mantenere una temperatura piacevole a seconda della stagione, da utilizzare in modo eco-responsabile.<\/p>\n<p>[\/et_pb_blurb][\/et_pb_column][et_pb_column type=&#8221;1_3&#8243; _builder_version=&#8221;4.16&#8243; global_colors_info=&#8221;{}&#8221;][et_pb_blurb title=&#8221;Proiettore a grande schermo&#8221; image=&#8221;https:\/\/nao-rizons.fr\/wp-content\/uploads\/2022\/08\/television.png&#8221; alt=&#8221;illustrazione di un televisore&#8221; image_icon_width=&#8221;35%&#8221; _builder_version=&#8221;4.27.2&#8243; header_font=&#8221;Overpass|900|||||||&#8221; header_line_height=&#8221;1.4em&#8221; body_font=&#8221;Overpass|300|||||||&#8221; body_line_height=&#8221;1.8em&#8221; text_orientation=&#8221;center&#8221; locked=&#8221;off&#8221; global_colors_info=&#8221;{}&#8221;]<\/p>\n<p>Avrai a disposizione un televisore di alta qualit\u00e0 per le serate tranquille con Netflix o per guardare la tua partita sportiva preferita.<\/p>\n<p>[\/et_pb_blurb][et_pb_blurb title=&#8221;Letto per bambini&#8221; image=&#8221;https:\/\/nao-rizons.fr\/wp-content\/uploads\/2022\/08\/cot.png&#8221; image_icon_width=&#8221;35%&#8221; _builder_version=&#8221;4.18.0&#8243; header_font=&#8221;Overpass|900|||||||&#8221; header_line_height=&#8221;1.4em&#8221; body_font=&#8221;Overpass|300|||||||&#8221; body_line_height=&#8221;1.8em&#8221; text_orientation=&#8221;center&#8221; locked=&#8221;off&#8221; global_colors_info=&#8221;{}&#8221;]<\/p>\n<p>Vuoi portare con te un nuovo bambino? Abbiamo pensato a tutto, cos\u00ec il tuo bambino non mancher\u00e0 di nulla e dormir\u00e0 serenamente in un lettino speciale. <\/p>\n<p>[\/et_pb_blurb][\/et_pb_column][et_pb_column type=&#8221;1_3&#8243; _builder_version=&#8221;4.27.2&#8243; _module_preset=&#8221;default&#8221; global_colors_info=&#8221;{}&#8221;][et_pb_blurb title=&#8221;Lavatrice&#8221; image=&#8221;https:\/\/nao-rizons.fr\/wp-content\/uploads\/2022\/08\/washing-machine.png&#8221; alt=&#8221;illustrazione di una macchina lavica&#8221; image_icon_width=&#8221;35%&#8221; _builder_version=&#8221;4.27.2&#8243; header_font=&#8221;Overpass|900|||||||&#8221; header_line_height=&#8221;1.4em&#8221; body_font=&#8221;Overpass|300|||||||&#8221; body_line_height=&#8221;1.8em&#8221; text_orientation=&#8221;center&#8221; hover_enabled=&#8221;0&#8243; locked=&#8221;off&#8221; global_colors_info=&#8221;{}&#8221; sticky_enabled=&#8221;0&#8243;]<\/p>\n<p>Non c&#8217;\u00e8 bisogno di fare quattro valigie o di cercare una lavanderia a gettoni: sei attrezzato per lavare i tuoi vestiti.<\/p>\n<p>[\/et_pb_blurb][et_pb_blurb title=&#8221;Area ufficio&#8221; image=&#8221;https:\/\/nao-rizons.fr\/wp-content\/uploads\/2022\/08\/macbook-pro.png&#8221; alt=&#8221;illustrazione di un MacBook&#8221; image_icon_width=&#8221;35%&#8221; _builder_version=&#8221;4.27.2&#8243; header_font=&#8221;Overpass|900|||||||&#8221; header_line_height=&#8221;1.4em&#8221; body_font=&#8221;Overpass|300|||||||&#8221; body_line_height=&#8221;1.8em&#8221; text_orientation=&#8221;center&#8221; locked=&#8221;off&#8221; global_colors_info=&#8221;{}&#8221;]<\/p>\n<p>Abbiamo messo a disposizione un&#8217;area ufficio al piano superiore per i tuoi giorni di telelavoro. <\/p>\n<p>[\/et_pb_blurb][\/et_pb_column][\/et_pb_row][et_pb_row _builder_version=&#8221;4.18.0&#8243; _module_preset=&#8221;default&#8221; global_colors_info=&#8221;{}&#8221;][et_pb_column type=&#8221;4_4&#8243; _builder_version=&#8221;4.18.0&#8243; _module_preset=&#8221;default&#8221; global_colors_info=&#8221;{}&#8221;][et_pb_text _builder_version=&#8221;4.18.0&#8243; text_font=&#8221;||||||||&#8221; header_2_font=&#8221;Overpass|900|||||||&#8221; header_2_font_size=&#8221;56px&#8221; header_2_line_height=&#8221;1.1em&#8221; header_3_font=&#8221;Overpass|600|||||||&#8221; header_3_text_color=&#8221;#3c87c8&#8243; header_3_font_size=&#8221;30px&#8221; header_3_line_height=&#8221;1.2em&#8221; custom_margin=&#8221;150px||||false|false&#8221; custom_padding=&#8221;|||||&#8221; header_2_font_size_tablet=&#8221;38px&#8221; header_2_font_size_phone=&#8221;26px&#8221; header_2_font_size_last_edited=&#8221;on|desktop&#8221; header_3_font_tablet=&#8221;&#8221; header_3_font_phone=&#8221;Overpass|700|||||||&#8221; header_3_font_last_edited=&#8221;on|phone&#8221; header_3_font_size_tablet=&#8221;24px&#8221; header_3_font_size_phone=&#8221;18px&#8221; header_3_font_size_last_edited=&#8221;on|desktop&#8221; locked=&#8221;off&#8221; global_colors_info=&#8221;{}&#8221;]<\/p>\n<h3><span>Attrezzature e sicurezza<\/span><\/h3>\n<h2>Sicurezza<\/h2>\n<p>[\/et_pb_text][\/et_pb_column][\/et_pb_row][et_pb_row column_structure=&#8221;1_3,1_3,1_3&#8243; custom_padding_last_edited=&#8221;on|phone&#8221; _builder_version=&#8221;4.18.0&#8243; background_color=&#8221;#ffffff&#8221; z_index=&#8221;1&#8243; custom_margin=&#8221;0vw|auto|0px|auto|false|false&#8221; custom_padding=&#8221;60px|60px|60px|60px|true|true&#8221; custom_padding_tablet=&#8221;|40px||40px||true&#8221; custom_padding_phone=&#8221;|20px||20px||true&#8221; border_radii=&#8221;on|10px|10px|10px|10px&#8221; box_shadow_style=&#8221;preset1&#8243; box_shadow_vertical=&#8221;10px&#8221; box_shadow_blur=&#8221;60px&#8221; box_shadow_color=&#8221;rgba(10,45,97,0.1)&#8221; locked=&#8221;off&#8221; global_colors_info=&#8221;{}&#8221;][et_pb_column type=&#8221;1_3&#8243; _builder_version=&#8221;4.16&#8243; global_colors_info=&#8221;{}&#8221;][et_pb_blurb title=&#8221;Rivelatori di fumo&#8221; image=&#8221;https:\/\/nao-rizons.fr\/wp-content\/uploads\/2022\/08\/smoke-detector.png&#8221; alt=&#8221;illustrazione di un rilevatore di fumo&#8221; image_icon_width=&#8221;35%&#8221; _builder_version=&#8221;4.18.0&#8243; header_font=&#8221;Overpass|900|||||||&#8221; header_line_height=&#8221;1.4em&#8221; body_font=&#8221;Overpass|300|||||||&#8221; body_line_height=&#8221;1.8em&#8221; text_orientation=&#8221;center&#8221; locked=&#8221;off&#8221; global_colors_info=&#8221;{}&#8221;]<\/p>\n<p>Il rilevatore di fumo si attiva immediatamente al contatto con il fumo. In caso di incendio, sarai avvertito immediatamente e sarai al sicuro. <\/p>\n<p>[\/et_pb_blurb][\/et_pb_column][et_pb_column type=&#8221;1_3&#8243; _builder_version=&#8221;4.16&#8243; global_colors_info=&#8221;{}&#8221;][et_pb_blurb title=&#8221;Rilevatore di monossido di carbonio&#8221; image=&#8221;https:\/\/nao-rizons.fr\/wp-content\/uploads\/2022\/08\/gas-detector.png&#8221; alt=&#8221;illustrazione di un rilevatore di monossido di carbonio&#8221; image_icon_width=&#8221;35%&#8221; _builder_version=&#8221;4.18.0&#8243; header_font=&#8221;Overpass|900|||||||&#8221; header_line_height=&#8221;1.4em&#8221; body_font=&#8221;Overpass|300|||||||&#8221; body_line_height=&#8221;1.8em&#8221; text_orientation=&#8221;center&#8221; locked=&#8221;off&#8221; global_colors_info=&#8221;{}&#8221;]<\/p>\n<p>Il monossido di carbonio \u00e8 letale e quasi inodore, quindi \u00e8 molto difficile da rilevare. Ecco perch\u00e9 questo rilevatore pu\u00f2 salvarti la vita. <\/p>\n<p>[\/et_pb_blurb][\/et_pb_column][et_pb_column type=&#8221;1_3&#8243; _builder_version=&#8221;4.16&#8243; global_colors_info=&#8221;{}&#8221;][et_pb_blurb title=&#8221;Vicinanza agli ospiti immediati&#8221; image=&#8221;https:\/\/nao-rizons.fr\/wp-content\/uploads\/2022\/08\/flats.png&#8221; alt=&#8221;illustrazione di 2 case incollate&#8221; image_icon_width=&#8221;35%&#8221; _builder_version=&#8221;4.18.0&#8243; header_font=&#8221;Overpass|900|||||||&#8221; header_line_height=&#8221;1.4em&#8221; body_font=&#8221;Overpass|300|||||||&#8221; body_line_height=&#8221;1.8em&#8221; text_orientation=&#8221;center&#8221; locked=&#8221;off&#8221; global_colors_info=&#8221;{}&#8221;]<\/p>\n<p>Siamo a Nantes e resteremo a Nantes. In caso di problemi, possiamo essere contattati 24 ore su 24 e risponderemo il pi\u00f9 rapidamente possibile. <\/p>\n<p>[\/et_pb_blurb][\/et_pb_column][\/et_pb_row][\/et_pb_section]<\/p>\n","protected":false},"excerpt":{"rendered":"<p>Attrezzature e sicurezzaLa tua connessione internet \u00e8 all&#8217;avanguardia della tecnologia. Con la nostra fibra ottica non sarai mai a corto di velocit\u00e0. Sia in estate che in inverno, la tua casa \u00e8 attrezzata per mantenere una temperatura piacevole a seconda della stagione, da utilizzare in modo eco-responsabile.Avrai a disposizione un televisore di alta qualit\u00e0 per [&hellip;]<\/p>\n","protected":false},"author":1,"featured_media":0,"parent":0,"menu_order":0,"comment_status":"closed","ping_status":"closed","template":"","meta":{"_et_pb_use_builder":"on","_et_pb_old_content":"","_et_gb_content_width":"","footnotes":""},"class_list":["post-1775","page","type-page","status-publish","hentry"],"yoast_head":"<!-- This site is optimized with the Yoast SEO plugin v26.2 - https:\/\/yoast.com\/wordpress\/plugins\/seo\/ -->\n<title>Attrezzature e sicurezza - Nao-Rizons<\/title>\n<meta name=\"robots\" content=\"index, follow, max-snippet:-1, max-image-preview:large, max-video-preview:-1\" \/>\n<link rel=\"canonical\" href=\"https:\/\/nao-rizons.fr\/it\/attrezzature-e-sicurezza\" \/>\n<meta property=\"og:locale\" content=\"it_IT\" \/>\n<meta property=\"og:type\" content=\"article\" \/>\n<meta property=\"og:title\" content=\"Attrezzature e sicurezza - Nao-Rizons\" \/>\n<meta property=\"og:description\" content=\"Attrezzature e sicurezzaLa tua connessione internet \u00e8 all&#039;avanguardia della tecnologia. Con la nostra fibra ottica non sarai mai a corto di velocit\u00e0. Sia in estate che in inverno, la tua casa \u00e8 attrezzata per mantenere una temperatura piacevole a seconda della stagione, da utilizzare in modo eco-responsabile.Avrai a disposizione un televisore di alta qualit\u00e0 per [&hellip;]\" \/>\n<meta property=\"og:url\" content=\"https:\/\/nao-rizons.fr\/it\/attrezzature-e-sicurezza\" \/>\n<meta property=\"og:site_name\" content=\"Nao-Rizons\" \/>\n<meta property=\"article:modified_time\" content=\"2024-11-04T14:27:25+00:00\" \/>\n<meta name=\"twitter:card\" content=\"summary_large_image\" \/>\n<meta name=\"twitter:label1\" content=\"Tempo di lettura stimato\" \/>\n\t<meta name=\"twitter:data1\" content=\"7 minuti\" \/>\n<script type=\"application\/ld+json\" class=\"yoast-schema-graph\">{\"@context\":\"https:\/\/schema.org\",\"@graph\":[{\"@type\":\"WebPage\",\"@id\":\"https:\/\/nao-rizons.fr\/it\/attrezzature-e-sicurezza\",\"url\":\"https:\/\/nao-rizons.fr\/it\/attrezzature-e-sicurezza\",\"name\":\"Attrezzature e sicurezza - Nao-Rizons\",\"isPartOf\":{\"@id\":\"https:\/\/nao-rizons.fr\/it#website\"},\"datePublished\":\"2022-08-24T22:10:55+00:00\",\"dateModified\":\"2024-11-04T14:27:25+00:00\",\"breadcrumb\":{\"@id\":\"https:\/\/nao-rizons.fr\/it\/attrezzature-e-sicurezza#breadcrumb\"},\"inLanguage\":\"it-IT\",\"potentialAction\":[{\"@type\":\"ReadAction\",\"target\":[\"https:\/\/nao-rizons.fr\/it\/attrezzature-e-sicurezza\"]}]},{\"@type\":\"BreadcrumbList\",\"@id\":\"https:\/\/nao-rizons.fr\/it\/attrezzature-e-sicurezza#breadcrumb\",\"itemListElement\":[{\"@type\":\"ListItem\",\"position\":1,\"name\":\"Accueil\",\"item\":\"https:\/\/nao-rizons.fr\/it\"},{\"@type\":\"ListItem\",\"position\":2,\"name\":\"Attrezzature e sicurezza\"}]},{\"@type\":\"WebSite\",\"@id\":\"https:\/\/nao-rizons.fr\/it#website\",\"url\":\"https:\/\/nao-rizons.fr\/it\",\"name\":\"Nao-Rizons\",\"description\":\"La maison des Hauts Pav\u00e9s Nantes\",\"potentialAction\":[{\"@type\":\"SearchAction\",\"target\":{\"@type\":\"EntryPoint\",\"urlTemplate\":\"https:\/\/nao-rizons.fr\/it?s={search_term_string}\"},\"query-input\":{\"@type\":\"PropertyValueSpecification\",\"valueRequired\":true,\"valueName\":\"search_term_string\"}}],\"inLanguage\":\"it-IT\"}]}<\/script>\n<!-- \/ Yoast SEO plugin. -->","yoast_head_json":{"title":"Attrezzature e sicurezza - Nao-Rizons","robots":{"index":"index","follow":"follow","max-snippet":"max-snippet:-1","max-image-preview":"max-image-preview:large","max-video-preview":"max-video-preview:-1"},"canonical":"https:\/\/nao-rizons.fr\/it\/attrezzature-e-sicurezza","og_locale":"it_IT","og_type":"article","og_title":"Attrezzature e sicurezza - Nao-Rizons","og_description":"Attrezzature e sicurezzaLa tua connessione internet \u00e8 all'avanguardia della tecnologia. Con la nostra fibra ottica non sarai mai a corto di velocit\u00e0. Sia in estate che in inverno, la tua casa \u00e8 attrezzata per mantenere una temperatura piacevole a seconda della stagione, da utilizzare in modo eco-responsabile.Avrai a disposizione un televisore di alta qualit\u00e0 per [&hellip;]","og_url":"https:\/\/nao-rizons.fr\/it\/attrezzature-e-sicurezza","og_site_name":"Nao-Rizons","article_modified_time":"2024-11-04T14:27:25+00:00","twitter_card":"summary_large_image","twitter_misc":{"Tempo di lettura stimato":"7 minuti"},"schema":{"@context":"https:\/\/schema.org","@graph":[{"@type":"WebPage","@id":"https:\/\/nao-rizons.fr\/it\/attrezzature-e-sicurezza","url":"https:\/\/nao-rizons.fr\/it\/attrezzature-e-sicurezza","name":"Attrezzature e sicurezza - Nao-Rizons","isPartOf":{"@id":"https:\/\/nao-rizons.fr\/it#website"},"datePublished":"2022-08-24T22:10:55+00:00","dateModified":"2024-11-04T14:27:25+00:00","breadcrumb":{"@id":"https:\/\/nao-rizons.fr\/it\/attrezzature-e-sicurezza#breadcrumb"},"inLanguage":"it-IT","potentialAction":[{"@type":"ReadAction","target":["https:\/\/nao-rizons.fr\/it\/attrezzature-e-sicurezza"]}]},{"@type":"BreadcrumbList","@id":"https:\/\/nao-rizons.fr\/it\/attrezzature-e-sicurezza#breadcrumb","itemListElement":[{"@type":"ListItem","position":1,"name":"Accueil","item":"https:\/\/nao-rizons.fr\/it"},{"@type":"ListItem","position":2,"name":"Attrezzature e sicurezza"}]},{"@type":"WebSite","@id":"https:\/\/nao-rizons.fr\/it#website","url":"https:\/\/nao-rizons.fr\/it","name":"Nao-Rizons","description":"La maison des Hauts Pav\u00e9s Nantes","potentialAction":[{"@type":"SearchAction","target":{"@type":"EntryPoint","urlTemplate":"https:\/\/nao-rizons.fr\/it?s={search_term_string}"},"query-input":{"@type":"PropertyValueSpecification","valueRequired":true,"valueName":"search_term_string"}}],"inLanguage":"it-IT"}]}},"_links":{"self":[{"href":"https:\/\/nao-rizons.fr\/it\/wp-json\/wp\/v2\/pages\/1775","targetHints":{"allow":["GET"]}}],"collection":[{"href":"https:\/\/nao-rizons.fr\/it\/wp-json\/wp\/v2\/pages"}],"about":[{"href":"https:\/\/nao-rizons.fr\/it\/wp-json\/wp\/v2\/types\/page"}],"author":[{"embeddable":true,"href":"https:\/\/nao-rizons.fr\/it\/wp-json\/wp\/v2\/users\/1"}],"replies":[{"embeddable":true,"href":"https:\/\/nao-rizons.fr\/it\/wp-json\/wp\/v2\/comments?post=1775"}],"version-history":[{"count":0,"href":"https:\/\/nao-rizons.fr\/it\/wp-json\/wp\/v2\/pages\/1775\/revisions"}],"wp:attachment":[{"href":"https:\/\/nao-rizons.fr\/it\/wp-json\/wp\/v2\/media?parent=1775"}],"curies":[{"name":"wp","href":"https:\/\/api.w.org\/{rel}","templated":true}]}}